{"id":785,"date":"2020-11-03T19:38:32","date_gmt":"2020-11-04T00:38:32","guid":{"rendered":"https:\/\/supcom.standardof.net\/?page_id=785"},"modified":"2020-11-04T19:22:08","modified_gmt":"2020-11-05T00:22:08","slug":"tech-2-aeon-air-units","status":"publish","type":"page","link":"https:\/\/supcom.standardof.net\/it\/supreme-commander\/eone\/tech-2-aeon-air-units\/","title":{"rendered":"Tecnologia 2 - Unit\u00e0 aeree Aeon"},"content":{"rendered":"<div class=\"wp-block-uagb-table-of-contents uagb-toc__align-left uagb-toc__columns-1  uagb-block-d77138ce\"\n\t\t\t\t\tdata-scroll= \"1\"\n\t\t\t\t\tdata-offset= \"30\"\n\t\t\t\t\tstyle=\"\"\n\t\t\t\t>\n\t\t\t\t<div class=\"uagb-toc__wrap\">\n\t\t\t\t\t\t<div class=\"uagb-toc__title\">\n\t\t\t\t\t\t\tUnit\u00e0 aeree Aeon Tech 2:\t\t\t\t\t\t<\/div>\n\t\t\t\t\t\t\t\t\t\t\t\t\t\t\t\t<div class=\"uagb-toc__list-wrap\">\n\t\t\t\t\t\t<ol class=\"uagb-toc__list\"><li class=\"uagb-toc__list\"><a href=\"#mercy-guided-missile\" class=\"uagb-toc-link__trigger\">MISERICORDIA - MISSILE GUIDATO<\/a><li class=\"uagb-toc__list\"><a href=\"#skimmer-torpedo-bomber\" class=\"uagb-toc-link__trigger\">SKIMMER - BOMBER TORPEDO<\/a><li class=\"uagb-toc__list\"><a href=\"#specter-gunship\" class=\"uagb-toc-link__trigger\">SPETTRO - GUNSHIP<\/a><li class=\"uagb-toc__list\"><a href=\"#aluminar-air-transport\" class=\"uagb-toc-link__trigger\">ALLUMINIO - TRASPORTO AEREO<\/a><\/ol>\t\t\t\t\t<\/div>\n\t\t\t\t\t\t\t\t\t<\/div>\n\t\t\t\t<\/div>\n\t\t\t\n\n\n<section class=\"wp-block-uagb-columns uagb-columns__wrap uagb-columns__background-undefined uagb-columns__stack-mobile uagb-columns__valign-undefined uagb-columns__gap-10 alignundefined uagb-block-6d57fcbd\"><div class=\"uagb-columns__overlay\"><\/div><div class=\"uagb-columns__inner-wrap uagb-columns__columns-1\">\n<div class=\"wp-block-uagb-column uagb-column__wrap uagb-column__background-undefined uagb-block-2b9e1c75\"><div class=\"uagb-column__overlay\"><\/div><div class=\"uagb-column__inner-wrap\">\n<h2 class=\"wp-block-heading\"><strong>MISERICORDIA <\/strong>- MISSILE GUIDATO<\/h2>\n\n\n\n<p>Il Mercy \u00e8 esattamente quello che dice: un minuscolo missile guidato. Non pu\u00f2 ricaricare il carburante, quindi hai poco tempo per lanciarlo al comandante nemico, che uccider\u00e0 in quattro colpi. Sono pi\u00f9 veloci di un bombardiere e molto pi\u00f9 letali, ma non sprecarli su nient&#039;altro che sui bersagli pi\u00f9 importanti. Per combattere contro i missili guidati, il tuo avversario dovr\u00e0 pensare alla difesa aerea molto prima di vedere i punti radar diretti verso di lui.<\/p>\n\n\n\n<div class=\"wp-block-image\"><figure class=\"aligncenter size-large\"><a href=\"https:\/\/supcom.standardof.net\/it\/supreme-commander\/eone\/tech-2-aeon-air-units\/mercy-guided-missile-supreme-commander-aeon-tech-2-air-units\/\"><img decoding=\"async\" width=\"800\" height=\"584\" src=\"https:\/\/supcom.standardof.net\/wp-content\/uploads\/sites\/8\/2020\/11\/MERCY-GUIDED-MISSILE-Supreme-Commander-Aeon-Tech-2-Air-Units-800x584.jpg\" alt=\"Il Mercy Guided Missile, unit\u00e0 aerea Aeon Tech 2 in Supreme Commander.\" class=\"wp-image-1009\" srcset=\"https:\/\/supcom.standardof.net\/wp-content\/uploads\/sites\/8\/2020\/11\/MERCY-GUIDED-MISSILE-Supreme-Commander-Aeon-Tech-2-Air-Units-800x584.jpg 800w, https:\/\/supcom.standardof.net\/wp-content\/uploads\/sites\/8\/2020\/11\/MERCY-GUIDED-MISSILE-Supreme-Commander-Aeon-Tech-2-Air-Units-512x374.jpg 512w, https:\/\/supcom.standardof.net\/wp-content\/uploads\/sites\/8\/2020\/11\/MERCY-GUIDED-MISSILE-Supreme-Commander-Aeon-Tech-2-Air-Units-200x146.jpg 200w, https:\/\/supcom.standardof.net\/wp-content\/uploads\/sites\/8\/2020\/11\/MERCY-GUIDED-MISSILE-Supreme-Commander-Aeon-Tech-2-Air-Units-768x561.jpg 768w, https:\/\/supcom.standardof.net\/wp-content\/uploads\/sites\/8\/2020\/11\/MERCY-GUIDED-MISSILE-Supreme-Commander-Aeon-Tech-2-Air-Units-16x12.jpg 16w, https:\/\/supcom.standardof.net\/wp-content\/uploads\/sites\/8\/2020\/11\/MERCY-GUIDED-MISSILE-Supreme-Commander-Aeon-Tech-2-Air-Units.jpg 867w\" sizes=\"(max-width: 800px) 100vw, 800px\" \/><\/a><figcaption>MISERICORDIA - MISSILE GUIDATO<\/figcaption><\/figure><\/div>\n\n\n\n<section class=\"wp-block-uagb-columns uagb-columns__wrap uagb-columns__background-undefined uagb-columns__stack-mobile uagb-columns__valign-undefined uagb-columns__gap-10 alignundefined uagb-block-3b751506\"><div class=\"uagb-columns__overlay\"><\/div><div class=\"uagb-columns__inner-wrap uagb-columns__columns-2\">\n<div class=\"wp-block-uagb-column uagb-column__wrap uagb-column__background-undefined uagb-block-3ae3062e\"><div class=\"uagb-column__overlay\"><\/div><div class=\"uagb-column__inner-wrap\">\n<h3 class=\"wp-block-heading\">Mercy Stats<\/h3>\n\n\n\n<p>Armatura: 10 CV (leggera)<br>Costo: M300, E6000, T1000<br>Intel: vista: 26 (508 m)<br>Fisica:<br>- velocit\u00e0 massima: 16 (313m \/ s)<br>- elevazione: 18 (352m)<br>- tempo di rifornimento: 2:00<br>- velocit\u00e0 di virata: 1.7<br>Classe di trasporto: 3<\/p>\n<\/div><\/div>\n\n\n\n<div class=\"wp-block-uagb-column uagb-column__wrap uagb-column__background-undefined uagb-block-bf1e5218\"><div class=\"uagb-column__overlay\"><\/div><div class=\"uagb-column__inner-wrap\">\n<h3 class=\"wp-block-heading\">Armi di misericordia<\/h3>\n\n\n\n<p>Suicidio (normale):<br>3000 danni<br>area: 3 (58,6 m)<\/p>\n\n\n\n<p>Air Crash (Death):<br>25 danni<br>area: 1 (19,5 m)<\/p>\n<\/div><\/div>\n<\/div><\/section>\n<\/div><\/div>\n<\/div><\/section>\n\n\n\n<section class=\"wp-block-uagb-columns uagb-columns__wrap uagb-columns__background-undefined uagb-columns__stack-mobile uagb-columns__valign-undefined uagb-columns__gap-10 alignundefined uagb-block-351b0a23\"><div class=\"uagb-columns__overlay\"><\/div><div class=\"uagb-columns__inner-wrap uagb-columns__columns-1\">\n<div class=\"wp-block-uagb-column uagb-column__wrap uagb-column__background-undefined uagb-block-7c0cecd6\"><div class=\"uagb-column__overlay\"><\/div><div class=\"uagb-column__inner-wrap\">\n<h2 class=\"wp-block-heading\"><strong>SKIMMER <\/strong>- BOMBER TORPEDO<\/h2>\n\n\n\n<p>Gli aerosiluranti sono quasi inutili. Aeon ha grandi forze navali, quindi dovresti davvero averne bisogno solo se ti sei dimenticato di costruire la marina ei sottomarini ti impediscono di prendere piede in acqua. Sono costosi e fanno cos\u00ec tanti danni che \u00e8 difficile farli mirare a un numero sufficiente di navi nemiche al primo passaggio, perch\u00e9 alcuni dei loro colpi saranno deviati dagli anti-siluri e raramente sopravviveranno per effettuare un secondo passaggio.<\/p>\n\n\n\n<div class=\"wp-block-image\"><figure class=\"aligncenter size-large\"><a href=\"https:\/\/supcom.standardof.net\/it\/supreme-commander\/eone\/tech-2-aeon-air-units\/skimmer-torpedo-bomber-supreme-commander-aeon-tech-2-air-units\/\"><img decoding=\"async\" width=\"800\" height=\"494\" src=\"https:\/\/supcom.standardof.net\/wp-content\/uploads\/sites\/8\/2020\/11\/SKIMMER-TORPEDO-BOMBER-Supreme-Commander-Aeon-Tech-2-Air-Units-800x494.jpg\" alt=\"Lo Skimmer Torpedo Bomber, unit\u00e0 aerea Aeon Tech 2 in Supreme Commander.\" class=\"wp-image-1010\" srcset=\"https:\/\/supcom.standardof.net\/wp-content\/uploads\/sites\/8\/2020\/11\/SKIMMER-TORPEDO-BOMBER-Supreme-Commander-Aeon-Tech-2-Air-Units-800x494.jpg 800w, https:\/\/supcom.standardof.net\/wp-content\/uploads\/sites\/8\/2020\/11\/SKIMMER-TORPEDO-BOMBER-Supreme-Commander-Aeon-Tech-2-Air-Units-512x316.jpg 512w, https:\/\/supcom.standardof.net\/wp-content\/uploads\/sites\/8\/2020\/11\/SKIMMER-TORPEDO-BOMBER-Supreme-Commander-Aeon-Tech-2-Air-Units-200x124.jpg 200w, https:\/\/supcom.standardof.net\/wp-content\/uploads\/sites\/8\/2020\/11\/SKIMMER-TORPEDO-BOMBER-Supreme-Commander-Aeon-Tech-2-Air-Units-768x474.jpg 768w, https:\/\/supcom.standardof.net\/wp-content\/uploads\/sites\/8\/2020\/11\/SKIMMER-TORPEDO-BOMBER-Supreme-Commander-Aeon-Tech-2-Air-Units-16x10.jpg 16w, https:\/\/supcom.standardof.net\/wp-content\/uploads\/sites\/8\/2020\/11\/SKIMMER-TORPEDO-BOMBER-Supreme-Commander-Aeon-Tech-2-Air-Units.jpg 1263w\" sizes=\"(max-width: 800px) 100vw, 800px\" \/><\/a><figcaption>SKIMMER - BOMBER TORPEDO<\/figcaption><\/figure><\/div>\n\n\n\n<section class=\"wp-block-uagb-columns uagb-columns__wrap uagb-columns__background-undefined uagb-columns__stack-mobile uagb-columns__valign-undefined uagb-columns__gap-10 alignundefined uagb-block-c66a4b6d\"><div class=\"uagb-columns__overlay\"><\/div><div class=\"uagb-columns__inner-wrap uagb-columns__columns-2\">\n<div class=\"wp-block-uagb-column uagb-column__wrap uagb-column__background-undefined uagb-block-30f41284\"><div class=\"uagb-column__overlay\"><\/div><div class=\"uagb-column__inner-wrap\">\n<h3 class=\"wp-block-heading\">Statistiche Skimmer<\/h3>\n\n\n\n<p>Armatura: 120 CV (leggera)<br>Abilit\u00e0: sonar, carica di profondit\u00e0<br>Costo: M600, E6000, T1000<br>Intel:<br>- vista: 32 (625m)<br>- sonar: 40 (781 m)<br>Fisica:<br>- velocit\u00e0 massima: 15 (293m \/ s)<br>- elevazione: 18 (352m)<br>- distanza di ingaggio: 75 (1,46 km)<br>Classe di trasporto: 2<br>Veterano: 15, 30, 75, 150, 300 uccisioni<br>- livello veterano 2: +30 hp<br>- livello veterano 4: +30 hp<br>- livello veterano 5: ripara 1 hp \/ s<\/p>\n<\/div><\/div>\n\n\n\n<div class=\"wp-block-uagb-column uagb-column__wrap uagb-column__background-undefined uagb-block-b69aecaf\"><div class=\"uagb-column__overlay\"><\/div><div class=\"uagb-column__inner-wrap\">\n<h3 class=\"wp-block-heading\">Armi Skimmer<\/h3>\n\n\n\n<p>Carica armonica di profondit\u00e0 (Anti Navy):<br>130,00 dps<br>portata: 3 (58,6 m)<br>arma a proiettile: 650 danni<br>velocit\u00e0 di fuoco: 0,2 (ogni 5 s)<br>livello veterano 1: +163 danni<br>livello veterano 3: +163 danni<\/p>\n\n\n\n<p>Air Crash (Death):<br>150 danni<br>area: 1 (19,5 m)<\/p>\n<\/div><\/div>\n<\/div><\/section>\n<\/div><\/div>\n<\/div><\/section>\n\n\n\n<section class=\"wp-block-uagb-columns uagb-columns__wrap uagb-columns__background-undefined uagb-columns__stack-mobile uagb-columns__valign-undefined uagb-columns__gap-10 alignundefined uagb-block-3898dde5\"><div class=\"uagb-columns__overlay\"><\/div><div class=\"uagb-columns__inner-wrap uagb-columns__columns-1\">\n<div class=\"wp-block-uagb-column uagb-column__wrap uagb-column__background-undefined uagb-block-a7dec367\"><div class=\"uagb-column__overlay\"><\/div><div class=\"uagb-column__inner-wrap\">\n<h2 class=\"wp-block-heading\"><strong>SPETTRO <\/strong>- GUNSHIP<\/h2>\n\n\n\n<p>Le cannoniere Aeon sono piuttosto efficaci. Il loro laser in realt\u00e0 non colpir\u00e0 sempre un&#039;unit\u00e0 nemica in movimento, ma la loro corazza decente consente loro di sopravvivere pi\u00f9 a lungo dei tuoi bombardieri mentre sferrano attacchi aerei puntuali. Usali per uccidere Mass Extractor indifesi e forze di terra, altre cannoniere, o semplicemente accumulare un&#039;enorme ala e uccidere la loro ACU con essa. Questi ragazzi sono la ragione per costruire intercettori.<\/p>\n\n\n\n<div class=\"wp-block-image\"><figure class=\"aligncenter size-large\"><a href=\"https:\/\/supcom.standardof.net\/it\/supreme-commander\/eone\/tech-2-aeon-air-units\/specter-gunship-supreme-commander-aeon-tech-2-air-units\/\"><img decoding=\"async\" width=\"800\" height=\"610\" src=\"https:\/\/supcom.standardof.net\/wp-content\/uploads\/sites\/8\/2020\/11\/SPECTER-GUNSHIP-Supreme-Commander-Aeon-Tech-2-Air-Units-800x610.jpg\" alt=\"La cannoniera Spectre, unit\u00e0 aerea Aeon Tech 2 in Supreme Commander.\" class=\"wp-image-1011\" srcset=\"https:\/\/supcom.standardof.net\/wp-content\/uploads\/sites\/8\/2020\/11\/SPECTER-GUNSHIP-Supreme-Commander-Aeon-Tech-2-Air-Units-800x610.jpg 800w, https:\/\/supcom.standardof.net\/wp-content\/uploads\/sites\/8\/2020\/11\/SPECTER-GUNSHIP-Supreme-Commander-Aeon-Tech-2-Air-Units-512x390.jpg 512w, https:\/\/supcom.standardof.net\/wp-content\/uploads\/sites\/8\/2020\/11\/SPECTER-GUNSHIP-Supreme-Commander-Aeon-Tech-2-Air-Units-200x152.jpg 200w, https:\/\/supcom.standardof.net\/wp-content\/uploads\/sites\/8\/2020\/11\/SPECTER-GUNSHIP-Supreme-Commander-Aeon-Tech-2-Air-Units-768x585.jpg 768w, https:\/\/supcom.standardof.net\/wp-content\/uploads\/sites\/8\/2020\/11\/SPECTER-GUNSHIP-Supreme-Commander-Aeon-Tech-2-Air-Units-16x12.jpg 16w, https:\/\/supcom.standardof.net\/wp-content\/uploads\/sites\/8\/2020\/11\/SPECTER-GUNSHIP-Supreme-Commander-Aeon-Tech-2-Air-Units.jpg 972w\" sizes=\"(max-width: 800px) 100vw, 800px\" \/><\/a><figcaption>SPETTRO - GUNSHIP<\/figcaption><\/figure><\/div>\n\n\n\n<section class=\"wp-block-uagb-columns uagb-columns__wrap uagb-columns__background-undefined uagb-columns__stack-mobile uagb-columns__valign-undefined uagb-columns__gap-10 alignundefined uagb-block-7344f32d\"><div class=\"uagb-columns__overlay\"><\/div><div class=\"uagb-columns__inner-wrap uagb-columns__columns-2\">\n<div class=\"wp-block-uagb-column uagb-column__wrap uagb-column__background-undefined uagb-block-e2a3a5f8\"><div class=\"uagb-column__overlay\"><\/div><div class=\"uagb-column__inner-wrap\">\n<h3 class=\"wp-block-heading\">Spettro Stats<\/h3>\n\n\n\n<p>Armatura: 150 CV (leggera)<br>Costo: M390, E7800, T1300<br>Intel: vista: 32 (625 m)<br>Fisica:<br>- velocit\u00e0 massima: 12 (234m \/ s)<br>- altitudine: 10 (195m)<br>Classe di trasporto: 2<br>Veterano: 15, 30, 75, 150, 300 uccisioni<br>- livello veterano 2: +38 hp<br>- livello veterano 4: +38 hp<br>- livello veterano 5: ripara 1 hp \/ s<\/p>\n<\/div><\/div>\n\n\n\n<div class=\"wp-block-uagb-column uagb-column__wrap uagb-column__background-undefined uagb-block-e039ff89\"><div class=\"uagb-column__overlay\"><\/div><div class=\"uagb-column__inner-wrap\">\n<h3 class=\"wp-block-heading\">Spettro Armi<\/h3>\n\n\n\n<p>Laser a luce quadrupla (fuoco diretto):<br>60,00 dps<br>portata: 22 (430 m)<br>arma a proiettile:<br>12 danni x 4 proiettili = 48 danni per salva<br>velocit\u00e0 di fuoco: 1,25 (ogni 0,8 s)<br>livello veterano 1: +3 danni<br>livello veterano 3: +3 danni<\/p>\n\n\n\n<p>Air Crash (Death):<br>100 danni<br>area: 1 (19,5 m)<\/p>\n<\/div><\/div>\n<\/div><\/section>\n<\/div><\/div>\n<\/div><\/section>\n\n\n\n<section class=\"wp-block-uagb-columns uagb-columns__wrap uagb-columns__background-undefined uagb-columns__stack-mobile uagb-columns__valign-undefined uagb-columns__gap-10 alignundefined uagb-block-fc3deb0c\"><div class=\"uagb-columns__overlay\"><\/div><div class=\"uagb-columns__inner-wrap uagb-columns__columns-1\">\n<div class=\"wp-block-uagb-column uagb-column__wrap uagb-column__background-undefined uagb-block-99bea828\"><div class=\"uagb-column__overlay\"><\/div><div class=\"uagb-column__inner-wrap\">\n<h2 class=\"wp-block-heading\"><strong>ALLUMINIO <\/strong>- TRASPORTO AEREO<\/h2>\n\n\n\n<p>Mentre \u00e8 bello che il trasporto aereo possa difendersi, il suo principale metodo di difesa \u00e8 la sua armatura &quot;pesante&quot;, che gli consente di prendere un paio di colpi dalle difese aeree e di sganciare comunque il carico. Trasportano il doppio delle unit\u00e0 di un trasporto T1: 12 T1, 6 T2, 3 T3 o una ACU \/ SCU. Se il tuo comandante viene trasportato, non morir\u00e0 con il trasporto aereo.<\/p>\n\n\n\n<div class=\"wp-block-image\"><figure class=\"aligncenter size-large\"><a href=\"https:\/\/supcom.standardof.net\/it\/supreme-commander\/eone\/tech-2-aeon-air-units\/aluminar-air-transport-supreme-commander-aeon-tech-2-air-units\/\"><img decoding=\"async\" width=\"800\" height=\"562\" src=\"https:\/\/supcom.standardof.net\/wp-content\/uploads\/sites\/8\/2020\/11\/ALUMINAR-AIR-TRANSPORT-Supreme-Commander-Aeon-Tech-2-Air-Units-800x562.jpg\" alt=\"Il trasporto aereo Aluminar, unit\u00e0 aerea Aeon Tech 2 in Supreme Commander.\" class=\"wp-image-1012\" srcset=\"https:\/\/supcom.standardof.net\/wp-content\/uploads\/sites\/8\/2020\/11\/ALUMINAR-AIR-TRANSPORT-Supreme-Commander-Aeon-Tech-2-Air-Units-800x562.jpg 800w, https:\/\/supcom.standardof.net\/wp-content\/uploads\/sites\/8\/2020\/11\/ALUMINAR-AIR-TRANSPORT-Supreme-Commander-Aeon-Tech-2-Air-Units-512x360.jpg 512w, https:\/\/supcom.standardof.net\/wp-content\/uploads\/sites\/8\/2020\/11\/ALUMINAR-AIR-TRANSPORT-Supreme-Commander-Aeon-Tech-2-Air-Units-200x140.jpg 200w, https:\/\/supcom.standardof.net\/wp-content\/uploads\/sites\/8\/2020\/11\/ALUMINAR-AIR-TRANSPORT-Supreme-Commander-Aeon-Tech-2-Air-Units-768x539.jpg 768w, https:\/\/supcom.standardof.net\/wp-content\/uploads\/sites\/8\/2020\/11\/ALUMINAR-AIR-TRANSPORT-Supreme-Commander-Aeon-Tech-2-Air-Units-16x12.jpg 16w, https:\/\/supcom.standardof.net\/wp-content\/uploads\/sites\/8\/2020\/11\/ALUMINAR-AIR-TRANSPORT-Supreme-Commander-Aeon-Tech-2-Air-Units.jpg 1209w\" sizes=\"(max-width: 800px) 100vw, 800px\" \/><\/a><figcaption>ALLUMINIO - TRASPORTO AEREO<\/figcaption><\/figure><\/div>\n\n\n\n<section class=\"wp-block-uagb-columns uagb-columns__wrap uagb-columns__background-undefined uagb-columns__stack-mobile uagb-columns__valign-undefined uagb-columns__gap-10 alignundefined uagb-block-1c8edbb3\"><div class=\"uagb-columns__overlay\"><\/div><div class=\"uagb-columns__inner-wrap uagb-columns__columns-2\">\n<div class=\"wp-block-uagb-column uagb-column__wrap uagb-column__background-undefined uagb-block-58666bef\"><div class=\"uagb-column__overlay\"><\/div><div class=\"uagb-column__inner-wrap\">\n<h3 class=\"wp-block-heading\">Statistiche Aluminar<\/h3>\n\n\n\n<p>Armatura: 210 CV (leggera)<br>Abilit\u00e0: Trasporto T2: trasporta ACU, unit\u00e0 terrestri T1-T3<br>Costo: M320, E12800, T1600<br>Intel: vista: 32 (625 m)<br>Fisica:<br>- velocit\u00e0 massima: 18 (352m \/ s)<br>- altitudine: 8 (156m)<br>Classe di trasporto: 10,<br>- dimensione attacco classe 2: 2<br>- dimensione attacco classe 3: 4<br>Veterano: 15, 30, 75, 150, 300 uccisioni<br>- livello veterano 2: +53 hp<br>- livello veterano 4: +53 hp<br>- livello veterano 5: ripara 1 hp \/ s<\/p>\n<\/div><\/div>\n\n\n\n<div class=\"wp-block-uagb-column uagb-column__wrap uagb-column__background-undefined uagb-block-c3625354\"><div class=\"uagb-column__overlay\"><\/div><div class=\"uagb-column__inner-wrap\">\n<h3 class=\"wp-block-heading\">Armi Aluminar<\/h3>\n\n\n\n<p>4x Sonic Pulse Battery (Anti Air):<br>4,00 dps<br>portata: 20 (391 m)<br>arma a proiettile:<br>3,92 danni x 3 proiettili = 11,76 danni per salva<br>cadenza di fuoco: 0,34 (ogni 2,94 s)<br>livello veterano 1: +1 danno<br>livello veterano 3: +1 danno<\/p>\n<\/div><\/div>\n<\/div><\/section>\n<\/div><\/div>\n<\/div><\/section>","protected":false},"excerpt":{"rendered":"<p>MERCY &#8211; GUIDED MISSILE The Mercy is exactly what it says: a tiny guided missile. It can&#8217;t recharge fuel, so you have only a short time to throw it at the enemy Commander, which it will kill in four shots. They&#8217;re faster than a bomber and far more deadly, but don&#8217;t waste them on anything [&hellip;]<\/p>","protected":false},"author":1,"featured_media":0,"parent":503,"menu_order":0,"comment_status":"open","ping_status":"closed","template":"","meta":{"_uag_custom_page_level_css":"","site-sidebar-layout":"default","site-content-layout":"default","ast-site-content-layout":"","site-content-style":"default","site-sidebar-style":"default","ast-global-header-display":"","ast-banner-title-visibility":"","ast-main-header-display":"","ast-hfb-above-header-display":"","ast-hfb-below-header-display":"","ast-hfb-mobile-header-display":"","site-post-title":"","ast-breadcrumbs-content":"","ast-featured-img":"","footer-sml-layout":"","theme-transparent-header-meta":"default","adv-header-id-meta":"","stick-header-meta":"","header-above-stick-meta":"","header-main-stick-meta":"","header-below-stick-meta":"","astra-migrate-meta-layouts":"default","ast-page-background-enabled":"default","ast-page-background-meta":{"desktop":{"background-color":"","background-image":"","background-repeat":"repeat","background-position":"center center","background-size":"auto","background-attachment":"scroll","background-type":"","background-media":"","overlay-type":"","overlay-color":"","overlay-gradient":""},"tablet":{"background-color":"","background-image":"","background-repeat":"repeat","background-position":"center center","background-size":"auto","background-attachment":"scroll","background-type":"","background-media":"","overlay-type":"","overlay-color":"","overlay-gradient":""},"mobile":{"background-color":"","background-image":"","background-repeat":"repeat","background-position":"center center","background-size":"auto","background-attachment":"scroll","background-type":"","background-media":"","overlay-type":"","overlay-color":"","overlay-gradient":""}},"ast-content-background-meta":{"desktop":{"background-color":"var(--ast-global-color-5)","background-image":"","background-repeat":"repeat","background-position":"center center","background-size":"auto","background-attachment":"scroll","background-type":"","background-media":"","overlay-type":"","overlay-color":"","overlay-gradient":""},"tablet":{"background-color":"var(--ast-global-color-5)","background-image":"","background-repeat":"repeat","background-position":"center center","background-size":"auto","background-attachment":"scroll","background-type":"","background-media":"","overlay-type":"","overlay-color":"","overlay-gradient":""},"mobile":{"background-color":"var(--ast-global-color-5)","background-image":"","background-repeat":"repeat","background-position":"center center","background-size":"auto","background-attachment":"scroll","background-type":"","background-media":"","overlay-type":"","overlay-color":"","overlay-gradient":""}},"footnotes":""},"uagb_featured_image_src":{"full":false,"thumbnail":false,"medium":false,"medium_large":false,"large":false,"1536x1536":false,"2048x2048":false,"trp-custom-language-flag":false},"uagb_author_info":{"display_name":"SOE","author_link":"https:\/\/supcom.standardof.net\/it\/author\/k-tastic\/"},"uagb_comment_info":0,"uagb_excerpt":"MERCY &#8211; GUIDED MISSILE The Mercy is exactly what it says: a tiny guided missile. It can&#8217;t recharge fuel, so you have only a short time to throw it at the enemy Commander, which it will kill in four shots. They&#8217;re faster than a bomber and far more deadly, but don&#8217;t waste them on anything&hellip;","_links":{"self":[{"href":"https:\/\/supcom.standardof.net\/it\/wp-json\/wp\/v2\/pages\/785"}],"collection":[{"href":"https:\/\/supcom.standardof.net\/it\/wp-json\/wp\/v2\/pages"}],"about":[{"href":"https:\/\/supcom.standardof.net\/it\/wp-json\/wp\/v2\/types\/page"}],"author":[{"embeddable":true,"href":"https:\/\/supcom.standardof.net\/it\/wp-json\/wp\/v2\/users\/1"}],"replies":[{"embeddable":true,"href":"https:\/\/supcom.standardof.net\/it\/wp-json\/wp\/v2\/comments?post=785"}],"version-history":[{"count":0,"href":"https:\/\/supcom.standardof.net\/it\/wp-json\/wp\/v2\/pages\/785\/revisions"}],"up":[{"embeddable":true,"href":"https:\/\/supcom.standardof.net\/it\/wp-json\/wp\/v2\/pages\/503"}],"wp:attachment":[{"href":"https:\/\/supcom.standardof.net\/it\/wp-json\/wp\/v2\/media?parent=785"}],"curies":[{"name":"wp","href":"https:\/\/api.w.org\/{rel}","templated":true}]}}