{"id":787,"date":"2020-11-03T21:32:41","date_gmt":"2020-11-04T02:32:41","guid":{"rendered":"https:\/\/supcom.standardof.net\/?page_id=787"},"modified":"2020-11-04T19:18:44","modified_gmt":"2020-11-05T00:18:44","slug":"tech-1-aeon-air-units","status":"publish","type":"page","link":"https:\/\/supcom.standardof.net\/it\/supreme-commander\/eone\/tech-1-aeon-air-units\/","title":{"rendered":"Tecnologia 1 - Unit\u00e0 aeree Aeon"},"content":{"rendered":"<div class=\"wp-block-uagb-table-of-contents uagb-toc__align-left uagb-toc__columns-1  uagb-block-789229fe\"\n\t\t\t\t\tdata-scroll= \"1\"\n\t\t\t\t\tdata-offset= \"30\"\n\t\t\t\t\tstyle=\"\"\n\t\t\t\t>\n\t\t\t\t<div class=\"uagb-toc__wrap\">\n\t\t\t\t\t\t<div class=\"uagb-toc__title\">\n\t\t\t\t\t\t\tUnit\u00e0 aeree Aeon Tech 1:\t\t\t\t\t\t<\/div>\n\t\t\t\t\t\t\t\t\t\t\t\t\t\t\t\t<div class=\"uagb-toc__list-wrap\">\n\t\t\t\t\t\t<ol class=\"uagb-toc__list\"><li class=\"uagb-toc__list\"><a href=\"#mirage-air-scout\" class=\"uagb-toc-link__trigger\">MIRAGE - AIR SCOUT<\/a><li class=\"uagb-toc__list\"><a href=\"#conservator-interceptor\" class=\"uagb-toc-link__trigger\">CONSERVATORE - INTERCETTORE<\/a><li class=\"uagb-toc__list\"><a href=\"#shimmer-attack-bomber\" class=\"uagb-toc-link__trigger\">SHIMMER - ATTACCO BOMBER<\/a><li class=\"uagb-toc__list\"><a href=\"#chariot-light-air-transport\" class=\"uagb-toc-link__trigger\">CARRO - TRASPORTO AEREO LEGGERO<\/a><\/ol>\t\t\t\t\t<\/div>\n\t\t\t\t\t\t\t\t\t<\/div>\n\t\t\t\t<\/div>\n\t\t\t\n\n\n<section class=\"wp-block-uagb-columns uagb-columns__wrap uagb-columns__background-undefined uagb-columns__stack-mobile uagb-columns__valign-undefined uagb-columns__gap-10 alignundefined uagb-block-c2a412b8\"><div class=\"uagb-columns__overlay\"><\/div><div class=\"uagb-columns__inner-wrap uagb-columns__columns-1\">\n<div class=\"wp-block-uagb-column uagb-column__wrap uagb-column__background-undefined uagb-block-b527d383\"><div class=\"uagb-column__overlay\"><\/div><div class=\"uagb-column__inner-wrap\">\n<h2 class=\"wp-block-heading\"><strong>MIRAGGIO <\/strong>- AIR SCOUT<\/h2>\n\n\n\n<p>L&#039;Air Scout \u00e8 estremamente economico, ed \u00e8 questa virt\u00f9 che lo rende utile. Mentre un intercettore si spinge spesso pi\u00f9 lontano in una base nemica, un singolo esploratore aereo nella coda di costruzione ti consentir\u00e0 di accumulare una serie di esploratori che possono attraversare la mappa alla ricerca di una via leggermente difesa e per esattamente 1 massa al secondo.<\/p>\n\n\n\n<div class=\"wp-block-image\"><figure class=\"aligncenter size-large\"><a href=\"https:\/\/supcom.standardof.net\/it\/supreme-commander\/eone\/tech-1-aeon-air-units\/mirage-air-scout-supreme-commander-aeon-tech-1-air-units\/\"><img decoding=\"async\" width=\"800\" height=\"573\" src=\"https:\/\/supcom.standardof.net\/wp-content\/uploads\/sites\/8\/2020\/11\/MIRAGE-AIR-SCOUT-Supreme-Commander-Aeon-Tech-1-Air-Units-800x573.jpg\" alt=\"Il Mirage Air Scout, unit\u00e0 aerea Aeon Tech 1 in Supreme Commander.\" class=\"wp-image-1003\" srcset=\"https:\/\/supcom.standardof.net\/wp-content\/uploads\/sites\/8\/2020\/11\/MIRAGE-AIR-SCOUT-Supreme-Commander-Aeon-Tech-1-Air-Units-800x573.jpg 800w, https:\/\/supcom.standardof.net\/wp-content\/uploads\/sites\/8\/2020\/11\/MIRAGE-AIR-SCOUT-Supreme-Commander-Aeon-Tech-1-Air-Units-512x367.jpg 512w, https:\/\/supcom.standardof.net\/wp-content\/uploads\/sites\/8\/2020\/11\/MIRAGE-AIR-SCOUT-Supreme-Commander-Aeon-Tech-1-Air-Units-200x143.jpg 200w, https:\/\/supcom.standardof.net\/wp-content\/uploads\/sites\/8\/2020\/11\/MIRAGE-AIR-SCOUT-Supreme-Commander-Aeon-Tech-1-Air-Units-768x550.jpg 768w, https:\/\/supcom.standardof.net\/wp-content\/uploads\/sites\/8\/2020\/11\/MIRAGE-AIR-SCOUT-Supreme-Commander-Aeon-Tech-1-Air-Units-16x12.jpg 16w, https:\/\/supcom.standardof.net\/wp-content\/uploads\/sites\/8\/2020\/11\/MIRAGE-AIR-SCOUT-Supreme-Commander-Aeon-Tech-1-Air-Units.jpg 834w\" sizes=\"(max-width: 800px) 100vw, 800px\" \/><\/a><figcaption>MIRAGE - AIR SCOUT<\/figcaption><\/figure><\/div>\n\n\n\n<section class=\"wp-block-uagb-columns uagb-columns__wrap uagb-columns__background-undefined uagb-columns__stack-mobile uagb-columns__valign-undefined uagb-columns__gap-10 alignundefined uagb-block-48b87f34\"><div class=\"uagb-columns__overlay\"><\/div><div class=\"uagb-columns__inner-wrap uagb-columns__columns-2\">\n<div class=\"wp-block-uagb-column uagb-column__wrap uagb-column__background-undefined uagb-block-46ed8a63\"><div class=\"uagb-column__overlay\"><\/div><div class=\"uagb-column__inner-wrap\">\n<h3 class=\"wp-block-heading\">Statistiche Mirage<\/h3>\n\n\n\n<p>Armatura: 3hp (leggera)<br>Costo: M16, E640, T160<br>Intel: vista: 70 (1,37 km)<br>Fisica:<br>- velocit\u00e0 massima: 17 (332m \/ s)<br>- velocit\u00e0 di virata: 100<br>- elevazione: 20 (391m)<br>Classe di trasporto: 1<br>- livello veterano 2: +1 hp,<br>- livello veterano 4: +1 hp,<br>- livello veterano 5: ripara 1 hp \/ s<\/p>\n<\/div><\/div>\n\n\n\n<div class=\"wp-block-uagb-column uagb-column__wrap uagb-column__background-undefined uagb-block-7b8d7bef\"><div class=\"uagb-column__overlay\"><\/div><div class=\"uagb-column__inner-wrap\">\n<h3 class=\"wp-block-heading\">Armi Mirage<\/h3>\n\n\n\n<p>Air Crash (Death):<br>10 danni<br>area: 1 (19,5 m)<\/p>\n<\/div><\/div>\n<\/div><\/section>\n<\/div><\/div>\n<\/div><\/section>\n\n\n\n<section class=\"wp-block-uagb-columns uagb-columns__wrap uagb-columns__background-undefined uagb-columns__stack-mobile uagb-columns__valign-undefined uagb-columns__gap-10 alignundefined uagb-block-2f53e8f4\"><div class=\"uagb-columns__overlay\"><\/div><div class=\"uagb-columns__inner-wrap uagb-columns__columns-1\">\n<div class=\"wp-block-uagb-column uagb-column__wrap uagb-column__background-undefined uagb-block-9dbd4722\"><div class=\"uagb-column__overlay\"><\/div><div class=\"uagb-column__inner-wrap\">\n<h2 class=\"wp-block-heading\"><strong>CONSERVATORE <\/strong>- INTERCETTORE<\/h2>\n\n\n\n<p>Gli intercettori sono il pane quotidiano della tua difesa aerea. Sono veloci, efficaci ed economici, il che significa che puoi impostare gli ingegneri per costruire di pi\u00f9 senza dover mettere in pausa gli altri tuoi progetti. Consiglio di avere una Air Factory impostata per costruire infiniti intercettori per l&#039;intero gioco.<\/p>\n\n\n\n<div class=\"wp-block-image\"><figure class=\"aligncenter size-large\"><a href=\"https:\/\/supcom.standardof.net\/it\/supreme-commander\/eone\/tech-1-aeon-air-units\/conservator-interceptor-supreme-commander-aeon-tech-1-air-units\/\"><img decoding=\"async\" width=\"714\" height=\"429\" src=\"https:\/\/supcom.standardof.net\/wp-content\/uploads\/sites\/8\/2020\/11\/CONSERVATOR-INTERCEPTOR-Supreme-Commander-Aeon-Tech-1-Air-Units.jpg\" alt=\"Il Conservator Interceptor, unit\u00e0 aerea Aeon Tech 1 in Supreme Commander.\" class=\"wp-image-1006\" srcset=\"https:\/\/supcom.standardof.net\/wp-content\/uploads\/sites\/8\/2020\/11\/CONSERVATOR-INTERCEPTOR-Supreme-Commander-Aeon-Tech-1-Air-Units.jpg 714w, https:\/\/supcom.standardof.net\/wp-content\/uploads\/sites\/8\/2020\/11\/CONSERVATOR-INTERCEPTOR-Supreme-Commander-Aeon-Tech-1-Air-Units-512x308.jpg 512w, https:\/\/supcom.standardof.net\/wp-content\/uploads\/sites\/8\/2020\/11\/CONSERVATOR-INTERCEPTOR-Supreme-Commander-Aeon-Tech-1-Air-Units-200x120.jpg 200w, https:\/\/supcom.standardof.net\/wp-content\/uploads\/sites\/8\/2020\/11\/CONSERVATOR-INTERCEPTOR-Supreme-Commander-Aeon-Tech-1-Air-Units-16x10.jpg 16w\" sizes=\"(max-width: 714px) 100vw, 714px\" \/><\/a><figcaption>CONSERVATORE - INTERCETTORE<\/figcaption><\/figure><\/div>\n\n\n\n<section class=\"wp-block-uagb-columns uagb-columns__wrap uagb-columns__background-undefined uagb-columns__stack-mobile uagb-columns__valign-undefined uagb-columns__gap-10 alignundefined uagb-block-760ecc45\"><div class=\"uagb-columns__overlay\"><\/div><div class=\"uagb-columns__inner-wrap uagb-columns__columns-2\">\n<div class=\"wp-block-uagb-column uagb-column__wrap uagb-column__background-undefined uagb-block-c87a93cd\"><div class=\"uagb-column__overlay\"><\/div><div class=\"uagb-column__inner-wrap\">\n<h3 class=\"wp-block-heading\">Statistiche del conservatore<\/h3>\n\n\n\n<p>Armatura: 18 CV (leggera)<br>Costo: M38, E2280, T380<br>Intel: vista: 32 (625 m)<br>Fisica:<br>- velocit\u00e0 massima: 19 (371m \/ s)<br>- elevazione: 18 (352m)<br>- ingaggio distanza: 50 (977m)<br>Classe di trasporto: 1<br>Veterano: 5, 10, 25, 50, 100 uccisioni<br>- livello veterano 2: +5 hp<br>- livello veterano 4: +5 hp<br>- livello veterano 5: ripara 1 hp \/ s<\/p>\n<\/div><\/div>\n\n\n\n<div class=\"wp-block-uagb-column uagb-column__wrap uagb-column__background-undefined uagb-block-b88dded1\"><div class=\"uagb-column__overlay\"><\/div><div class=\"uagb-column__inner-wrap\">\n<h3 class=\"wp-block-heading\">Armi del conservatore<\/h3>\n\n\n\n<p>2x Batteria Sonic Pulse (Anti Air):<br>10,20 dps<br>portata: 20 (391 m)<br>arma a proiettile:<br>4 danni x 3 proiettili = 12 danni per salva<br>velocit\u00e0 di fuoco: 0,85 (ogni 1,18 s)<br>livello veterano 1: +1 danno<br>livello veterano 3: +1 danno<\/p>\n\n\n\n<p>Air Crash (Death):<br>25 danni<br>area: 1 (19,5 m)<\/p>\n<\/div><\/div>\n<\/div><\/section>\n<\/div><\/div>\n<\/div><\/section>\n\n\n\n<section class=\"wp-block-uagb-columns uagb-columns__wrap uagb-columns__background-undefined uagb-columns__stack-mobile uagb-columns__valign-undefined uagb-columns__gap-10 alignundefined uagb-block-0c99dac8\"><div class=\"uagb-columns__overlay\"><\/div><div class=\"uagb-columns__inner-wrap uagb-columns__columns-1\">\n<div class=\"wp-block-uagb-column uagb-column__wrap uagb-column__background-undefined uagb-block-509135f2\"><div class=\"uagb-column__overlay\"><\/div><div class=\"uagb-column__inner-wrap\">\n<h2 class=\"wp-block-heading\"><strong>SHIMMER <\/strong>- ATTACCO BOMBER<\/h2>\n\n\n\n<p>Il bombardiere d&#039;attacco Aeon \u00e8 poco brillante rispetto agli altri. La bomba ha una buona area di effetto, ma sgancia solo una singola bomba invece del gruppo di colpi sparati dagli altri bombardieri, rendendo meno probabile che colpisca unit\u00e0 di terra e meno potente nel complesso contro grandi strutture. Ovviamente, alcuni bombardieri inviati a molestare le truppe nemiche sono un&#039;ottima esca per gli intercettori nemici, o possono persino farlo prendere dal panico e iniziare a costruire troppe unit\u00e0 anti-aeree, che \u00e8 proprio quello che vuoi, dato che puoi concentrarti meglio su cose.<\/p>\n\n\n\n<div class=\"wp-block-image\"><figure class=\"aligncenter size-large\"><a href=\"https:\/\/supcom.standardof.net\/it\/supreme-commander\/eone\/tech-1-aeon-air-units\/shimmer-attack-bomber-supreme-commander-aeon-tech-1-air-units\/\"><img decoding=\"async\" width=\"800\" height=\"441\" src=\"https:\/\/supcom.standardof.net\/wp-content\/uploads\/sites\/8\/2020\/11\/SHIMMER-ATTACK-BOMBER-Supreme-Commander-Aeon-Tech-1-Air-Units-800x441.jpg\" alt=\"Il bombardiere d&#039;attacco Shimmer, unit\u00e0 aerea Aeon Tech 1 in Supreme Commander.\" class=\"wp-image-1004\" srcset=\"https:\/\/supcom.standardof.net\/wp-content\/uploads\/sites\/8\/2020\/11\/SHIMMER-ATTACK-BOMBER-Supreme-Commander-Aeon-Tech-1-Air-Units-800x441.jpg 800w, https:\/\/supcom.standardof.net\/wp-content\/uploads\/sites\/8\/2020\/11\/SHIMMER-ATTACK-BOMBER-Supreme-Commander-Aeon-Tech-1-Air-Units-512x282.jpg 512w, https:\/\/supcom.standardof.net\/wp-content\/uploads\/sites\/8\/2020\/11\/SHIMMER-ATTACK-BOMBER-Supreme-Commander-Aeon-Tech-1-Air-Units-200x110.jpg 200w, https:\/\/supcom.standardof.net\/wp-content\/uploads\/sites\/8\/2020\/11\/SHIMMER-ATTACK-BOMBER-Supreme-Commander-Aeon-Tech-1-Air-Units-768x423.jpg 768w, https:\/\/supcom.standardof.net\/wp-content\/uploads\/sites\/8\/2020\/11\/SHIMMER-ATTACK-BOMBER-Supreme-Commander-Aeon-Tech-1-Air-Units-16x9.jpg 16w, https:\/\/supcom.standardof.net\/wp-content\/uploads\/sites\/8\/2020\/11\/SHIMMER-ATTACK-BOMBER-Supreme-Commander-Aeon-Tech-1-Air-Units.jpg 1257w\" sizes=\"(max-width: 800px) 100vw, 800px\" \/><\/a><figcaption>SHIMMER - ATTACCO BOMBER<\/figcaption><\/figure><\/div>\n\n\n\n<section class=\"wp-block-uagb-columns uagb-columns__wrap uagb-columns__background-undefined uagb-columns__stack-mobile uagb-columns__valign-undefined uagb-columns__gap-10 alignundefined uagb-block-961951a9\"><div class=\"uagb-columns__overlay\"><\/div><div class=\"uagb-columns__inner-wrap uagb-columns__columns-2\">\n<div class=\"wp-block-uagb-column uagb-column__wrap uagb-column__background-undefined uagb-block-44fd905b\"><div class=\"uagb-column__overlay\"><\/div><div class=\"uagb-column__inner-wrap\">\n<h3 class=\"wp-block-heading\">Statistiche Shimmer<\/h3>\n\n\n\n<p>Armatura: 18 CV (leggera)<br>Abilit\u00e0: Tiro stordente: l&#039;ordinanza stordisce i nemici<br>Costo: M144, E2880, T480<br>Intel: vista: 32 (625 m)<br>Fisica:<br>- velocit\u00e0 massima: 12 (234m \/ s)<br>- elevazione: 18 (352m)<br>- ingaggio distanza: 50 (977m)<br>Classe di trasporto: 2<br>Veterano: 5, 10, 25, 50, 100 uccisioni<br>- livello veterano 2: +5 hp<br>- livello veterano 4: +5 hp<br>- livello veterano 5: ripara 1 hp \/ s<\/p>\n<\/div><\/div>\n\n\n\n<div class=\"wp-block-uagb-column uagb-column__wrap uagb-column__background-undefined uagb-block-a2c67bf7\"><div class=\"uagb-column__overlay\"><\/div><div class=\"uagb-column__inner-wrap\">\n<h3 class=\"wp-block-heading\">Armi luccicanti<\/h3>\n\n\n\n<p>Bomba gravitazionale (bomba):<br>100,00 dps<br>area: 4 (78,1 m)<br>portata: 2 (39,1 m)<br>arma a proiettile: 200 danni<br>velocit\u00e0 di fuoco: 0,5 (ogni 2 s)<br>livello veterano 1: +50 danni<br>livello veterano 3: +50 danni<\/p>\n\n\n\n<p>Air Crash (Death):<br>100 danni<br>area: 1 (19,5 m)<\/p>\n<\/div><\/div>\n<\/div><\/section>\n<\/div><\/div>\n<\/div><\/section>\n\n\n\n<section class=\"wp-block-uagb-columns uagb-columns__wrap uagb-columns__background-undefined uagb-columns__stack-mobile uagb-columns__valign-undefined uagb-columns__gap-10 alignundefined uagb-block-9f9f402b\"><div class=\"uagb-columns__overlay\"><\/div><div class=\"uagb-columns__inner-wrap uagb-columns__columns-1\">\n<div class=\"wp-block-uagb-column uagb-column__wrap uagb-column__background-undefined uagb-block-e203435a\"><div class=\"uagb-column__overlay\"><\/div><div class=\"uagb-column__inner-wrap\">\n<h2 class=\"wp-block-heading\"><strong>CARRO <\/strong>- TRASPORTO AEREO LEGGERO<\/h2>\n\n\n\n<p>Il vantaggio di avere un trasporto aereo anticipato \u00e8 duplice: puoi trasportare in aereo i tuoi robot d&#039;assalto e avere una cannoniera volante per uccidere le forze T1 nemiche, oppure puoi effettuare lanci pi\u00f9 pericolosi di unit\u00e0 o ingegneri dietro le linee nemiche. Non fare affidamento su di loro per vivere oltre una goccia, per\u00f2; sono principalmente l\u00ec per incutere la paura nei cuori dei tuoi nemici piuttosto che per consegnare effettivamente la vittoria. Trasporta 6 unit\u00e0 T1, 3 unit\u00e0 T2 o 1 unit\u00e0 T3.<\/p>\n\n\n\n<div class=\"wp-block-image\"><figure class=\"aligncenter size-large\"><a href=\"https:\/\/supcom.standardof.net\/it\/supreme-commander\/eone\/tech-1-aeon-air-units\/chariot-light-air-transport-supreme-commander-aeon-tech-1-air-units\/\"><img decoding=\"async\" width=\"792\" height=\"522\" src=\"https:\/\/supcom.standardof.net\/wp-content\/uploads\/sites\/8\/2020\/11\/CHARIOT-LIGHT-AIR-TRANSPORT-Supreme-Commander-Aeon-Tech-1-Air-Units.jpg\" alt=\"Il Chariot Light Air Transport, unit\u00e0 aerea Aeon Tech 1 in Supreme Commander.\" class=\"wp-image-1005\" srcset=\"https:\/\/supcom.standardof.net\/wp-content\/uploads\/sites\/8\/2020\/11\/CHARIOT-LIGHT-AIR-TRANSPORT-Supreme-Commander-Aeon-Tech-1-Air-Units.jpg 792w, https:\/\/supcom.standardof.net\/wp-content\/uploads\/sites\/8\/2020\/11\/CHARIOT-LIGHT-AIR-TRANSPORT-Supreme-Commander-Aeon-Tech-1-Air-Units-512x337.jpg 512w, https:\/\/supcom.standardof.net\/wp-content\/uploads\/sites\/8\/2020\/11\/CHARIOT-LIGHT-AIR-TRANSPORT-Supreme-Commander-Aeon-Tech-1-Air-Units-200x132.jpg 200w, https:\/\/supcom.standardof.net\/wp-content\/uploads\/sites\/8\/2020\/11\/CHARIOT-LIGHT-AIR-TRANSPORT-Supreme-Commander-Aeon-Tech-1-Air-Units-768x506.jpg 768w, https:\/\/supcom.standardof.net\/wp-content\/uploads\/sites\/8\/2020\/11\/CHARIOT-LIGHT-AIR-TRANSPORT-Supreme-Commander-Aeon-Tech-1-Air-Units-16x12.jpg 16w\" sizes=\"(max-width: 792px) 100vw, 792px\" \/><\/a><figcaption>CARRO - TRASPORTO AEREO LEGGERO<\/figcaption><\/figure><\/div>\n\n\n\n<section class=\"wp-block-uagb-columns uagb-columns__wrap uagb-columns__background-undefined uagb-columns__stack-mobile uagb-columns__valign-undefined uagb-columns__gap-10 alignundefined uagb-block-a091402f\"><div class=\"uagb-columns__overlay\"><\/div><div class=\"uagb-columns__inner-wrap uagb-columns__columns-2\">\n<div class=\"wp-block-uagb-column uagb-column__wrap uagb-column__background-undefined uagb-block-4f987371\"><div class=\"uagb-column__overlay\"><\/div><div class=\"uagb-column__inner-wrap\">\n<h3 class=\"wp-block-heading\">Statistiche sui carri<\/h3>\n\n\n\n<p>Armatura: 90 CV (leggera)<br>Abilit\u00e0: Trasporto T1: trasporta unit\u00e0 terrestri T1-T3<br>Costo: M120, E4800, T600<br>Intel: vista: 32 (625 m)<br>Fisica:<br>velocit\u00e0 massima: 15 (293 m \/ s)<br>altitudine: 8 (156m)<br>Classe di trasporto: 10<br>dimensione allegare classe 2: 2<br>dimensione allegato classe 3: 4<br>livello veterano 2: +23 hp<br>livello veterano 4: +23 hp<br>livello veterano 5: ripara 1 hp \/ s<\/p>\n<\/div><\/div>\n\n\n\n<div class=\"wp-block-uagb-column uagb-column__wrap uagb-column__background-undefined uagb-block-aa97c7c2\"><div class=\"uagb-column__overlay\"><\/div><div class=\"uagb-column__inner-wrap\"><\/div><\/div>\n<\/div><\/section>\n<\/div><\/div>\n<\/div><\/section>","protected":false},"excerpt":{"rendered":"<p>MIRAGE &#8211; AIR SCOUT The Air Scout is extremely inexpensive, and it&#8217;s this virtue that makes it useful. While an interceptor will often get farther into an enemy base, a single air scout in your build queue will let you stockpile a set of scouts that can crisscross the map looking for a lightly defended [&hellip;]<\/p>","protected":false},"author":1,"featured_media":0,"parent":503,"menu_order":0,"comment_status":"open","ping_status":"closed","template":"","meta":{"_uag_custom_page_level_css":"","site-sidebar-layout":"default","site-content-layout":"default","ast-site-content-layout":"","site-content-style":"default","site-sidebar-style":"default","ast-global-header-display":"","ast-banner-title-visibility":"","ast-main-header-display":"","ast-hfb-above-header-display":"","ast-hfb-below-header-display":"","ast-hfb-mobile-header-display":"","site-post-title":"","ast-breadcrumbs-content":"","ast-featured-img":"","footer-sml-layout":"","theme-transparent-header-meta":"default","adv-header-id-meta":"","stick-header-meta":"","header-above-stick-meta":"","header-main-stick-meta":"","header-below-stick-meta":"","astra-migrate-meta-layouts":"default","ast-page-background-enabled":"default","ast-page-background-meta":{"desktop":{"background-color":"","background-image":"","background-repeat":"repeat","background-position":"center center","background-size":"auto","background-attachment":"scroll","background-type":"","background-media":"","overlay-type":"","overlay-color":"","overlay-gradient":""},"tablet":{"background-color":"","background-image":"","background-repeat":"repeat","background-position":"center center","background-size":"auto","background-attachment":"scroll","background-type":"","background-media":"","overlay-type":"","overlay-color":"","overlay-gradient":""},"mobile":{"background-color":"","background-image":"","background-repeat":"repeat","background-position":"center center","background-size":"auto","background-attachment":"scroll","background-type":"","background-media":"","overlay-type":"","overlay-color":"","overlay-gradient":""}},"ast-content-background-meta":{"desktop":{"background-color":"var(--ast-global-color-5)","background-image":"","background-repeat":"repeat","background-position":"center center","background-size":"auto","background-attachment":"scroll","background-type":"","background-media":"","overlay-type":"","overlay-color":"","overlay-gradient":""},"tablet":{"background-color":"var(--ast-global-color-5)","background-image":"","background-repeat":"repeat","background-position":"center center","background-size":"auto","background-attachment":"scroll","background-type":"","background-media":"","overlay-type":"","overlay-color":"","overlay-gradient":""},"mobile":{"background-color":"var(--ast-global-color-5)","background-image":"","background-repeat":"repeat","background-position":"center center","background-size":"auto","background-attachment":"scroll","background-type":"","background-media":"","overlay-type":"","overlay-color":"","overlay-gradient":""}},"footnotes":""},"uagb_featured_image_src":{"full":false,"thumbnail":false,"medium":false,"medium_large":false,"large":false,"1536x1536":false,"2048x2048":false,"trp-custom-language-flag":false},"uagb_author_info":{"display_name":"SOE","author_link":"https:\/\/supcom.standardof.net\/it\/author\/k-tastic\/"},"uagb_comment_info":0,"uagb_excerpt":"MIRAGE &#8211; AIR SCOUT The Air Scout is extremely inexpensive, and it&#8217;s this virtue that makes it useful. While an interceptor will often get farther into an enemy base, a single air scout in your build queue will let you stockpile a set of scouts that can crisscross the map looking for a lightly defended&hellip;","_links":{"self":[{"href":"https:\/\/supcom.standardof.net\/it\/wp-json\/wp\/v2\/pages\/787"}],"collection":[{"href":"https:\/\/supcom.standardof.net\/it\/wp-json\/wp\/v2\/pages"}],"about":[{"href":"https:\/\/supcom.standardof.net\/it\/wp-json\/wp\/v2\/types\/page"}],"author":[{"embeddable":true,"href":"https:\/\/supcom.standardof.net\/it\/wp-json\/wp\/v2\/users\/1"}],"replies":[{"embeddable":true,"href":"https:\/\/supcom.standardof.net\/it\/wp-json\/wp\/v2\/comments?post=787"}],"version-history":[{"count":0,"href":"https:\/\/supcom.standardof.net\/it\/wp-json\/wp\/v2\/pages\/787\/revisions"}],"up":[{"embeddable":true,"href":"https:\/\/supcom.standardof.net\/it\/wp-json\/wp\/v2\/pages\/503"}],"wp:attachment":[{"href":"https:\/\/supcom.standardof.net\/it\/wp-json\/wp\/v2\/media?parent=787"}],"curies":[{"name":"wp","href":"https:\/\/api.w.org\/{rel}","templated":true}]}}