{"id":790,"date":"2020-11-03T21:40:10","date_gmt":"2020-11-04T02:40:10","guid":{"rendered":"https:\/\/supcom.standardof.net\/?page_id=790"},"modified":"2020-11-04T18:15:46","modified_gmt":"2020-11-04T23:15:46","slug":"tech-3-aeon-land-units","status":"publish","type":"page","link":"https:\/\/supcom.standardof.net\/it\/supreme-commander\/eone\/tech-3-eon-land-units\/","title":{"rendered":"Tecnologia 3 - Unit\u00e0 di terra dell&#039;Eone"},"content":{"rendered":"<div class=\"wp-block-uagb-table-of-contents uagb-toc__align-left uagb-toc__columns-1  uagb-block-00104c79\"\n\t\t\t\t\tdata-scroll= \"1\"\n\t\t\t\t\tdata-offset= \"30\"\n\t\t\t\t\tstyle=\"\"\n\t\t\t\t>\n\t\t\t\t<div class=\"uagb-toc__wrap\">\n\t\t\t\t\t\t<div class=\"uagb-toc__title\">\n\t\t\t\t\t\t\tAeon Tech 3 unit\u00e0 terrestri:\t\t\t\t\t\t<\/div>\n\t\t\t\t\t\t\t\t\t\t\t\t\t\t\t\t<div class=\"uagb-toc__list-wrap\">\n\t\t\t\t\t\t<ol class=\"uagb-toc__list\"><li class=\"uagb-toc__list\"><a href=\"#engineer-tech-3-constructor\" class=\"uagb-toc-link__trigger\">INGEGNERE - COSTRUTTORE TECNICO 3<\/a><li class=\"uagb-toc__list\"><a href=\"#harbinger-siege-assault-bot\" class=\"uagb-toc-link__trigger\">HARBINGER - ASSALTO DI ASSALTO BOT<\/a><li class=\"uagb-toc__list\"><a href=\"#serenity-mobile-heavy-artillery\" class=\"uagb-toc-link__trigger\">SERENIT\u00c0 - ARTIGLIERIA PESANTE MOBILE<\/a><li class=\"uagb-toc__list\"><a href=\"#absolver-tech-3-shield-disruptor\" class=\"uagb-toc-link__trigger\">ABSOLVER - DISTRUTTORE SCUDO TECH 3<\/a><\/ol>\t\t\t\t\t<\/div>\n\t\t\t\t\t\t\t\t\t<\/div>\n\t\t\t\t<\/div>\n\t\t\t\n\n\n<section class=\"wp-block-uagb-columns uagb-columns__wrap uagb-columns__background-undefined uagb-columns__stack-mobile uagb-columns__valign-undefined uagb-columns__gap-10 alignundefined uagb-block-4ca7a1bb\"><div class=\"uagb-columns__overlay\"><\/div><div class=\"uagb-columns__inner-wrap uagb-columns__columns-1\">\n<div class=\"wp-block-uagb-column uagb-column__wrap uagb-column__background-undefined uagb-block-95a113b0\"><div class=\"uagb-column__overlay\"><\/div><div class=\"uagb-column__inner-wrap\">\n<h2 class=\"wp-block-heading\"><strong>INGEGNERE <\/strong>- TECH 3 CONSTRUCTOR<\/h2>\n\n\n\n<p>L&#039;ingegnere T3 si presenta molto pi\u00f9 frequentemente degli altri ingegneri; una dovrebbe essere sempre la prima cosa che esce dalla tua fabbrica. Possono far ripartire la tua economia, assistere le fabbriche a un ritmo utile e portarti alla fine dei giochi. Non \u00e8 mai male avere troppi ingegneri. Inoltre, se vengono inviati per costruire difese o riparare un obiettivo cruciale, dureranno molto pi\u00f9 a lungo sotto il fuoco nemico. Sfortunatamente, questi ragazzi sono molto lenti e il loro sacrificio non vale davvero il prezzo.<\/p>\n\n\n\n<div class=\"wp-block-image\"><figure class=\"aligncenter size-large\"><a href=\"https:\/\/supcom.standardof.net\/it\/supreme-commander\/eone\/tech-3-eon-land-units\/engineer-tech-3-constructor-supreme-commander-aeon-tech-2-land-units\/\"><img decoding=\"async\" width=\"800\" height=\"601\" src=\"https:\/\/supcom.standardof.net\/wp-content\/uploads\/sites\/8\/2020\/11\/ENGINEER-TECH-3-CONSTRUCTOR-Supreme-Commander-Aeon-Tech-2-Land-Units-800x601.jpg\" alt=\"L&#039;ingegnere T3, unit\u00e0 terrestre Aeon Tech 3 in Supreme Commander.\" class=\"wp-image-998\" srcset=\"https:\/\/supcom.standardof.net\/wp-content\/uploads\/sites\/8\/2020\/11\/ENGINEER-TECH-3-CONSTRUCTOR-Supreme-Commander-Aeon-Tech-2-Land-Units-800x601.jpg 800w, https:\/\/supcom.standardof.net\/wp-content\/uploads\/sites\/8\/2020\/11\/ENGINEER-TECH-3-CONSTRUCTOR-Supreme-Commander-Aeon-Tech-2-Land-Units-512x385.jpg 512w, https:\/\/supcom.standardof.net\/wp-content\/uploads\/sites\/8\/2020\/11\/ENGINEER-TECH-3-CONSTRUCTOR-Supreme-Commander-Aeon-Tech-2-Land-Units-200x150.jpg 200w, https:\/\/supcom.standardof.net\/wp-content\/uploads\/sites\/8\/2020\/11\/ENGINEER-TECH-3-CONSTRUCTOR-Supreme-Commander-Aeon-Tech-2-Land-Units-768x577.jpg 768w, https:\/\/supcom.standardof.net\/wp-content\/uploads\/sites\/8\/2020\/11\/ENGINEER-TECH-3-CONSTRUCTOR-Supreme-Commander-Aeon-Tech-2-Land-Units-16x12.jpg 16w, https:\/\/supcom.standardof.net\/wp-content\/uploads\/sites\/8\/2020\/11\/ENGINEER-TECH-3-CONSTRUCTOR-Supreme-Commander-Aeon-Tech-2-Land-Units.jpg 990w\" sizes=\"(max-width: 800px) 100vw, 800px\" \/><\/a><figcaption>INGEGNERE - COSTRUTTORE TECNICO 3<\/figcaption><\/figure><\/div>\n\n\n\n<section class=\"wp-block-uagb-columns uagb-columns__wrap uagb-columns__background-undefined uagb-columns__stack-mobile uagb-columns__valign-undefined uagb-columns__gap-10 alignundefined uagb-block-4c5601a5\"><div class=\"uagb-columns__overlay\"><\/div><div class=\"uagb-columns__inner-wrap uagb-columns__columns-2\">\n<div class=\"wp-block-uagb-column uagb-column__wrap uagb-column__background-undefined uagb-block-c6de7451\"><div class=\"uagb-column__overlay\"><\/div><div class=\"uagb-column__inner-wrap\">\n<h3 class=\"wp-block-heading\">Statistiche ingegnere T3<\/h3>\n\n\n\n<p>Armatura: 1050 CV<br>Abilit\u00e0: Engineering Suite, Hover, Sacrifice<br>Costo: M448 (stoccaggio: 10), E3200 (stoccaggio: 100), T960<br>- velocit\u00e0 di costruzione: 15<br>sacrificio M269 (60.0%)<br>Intel: vista: 26 (508 m)<br>Fisica:<br>- velocit\u00e0 massima: 1,8 (35,2 m \/ s)<br>- velocit\u00e0 di virata: 70<br>Classe di trasporto: 3<br>- livello veterano 2: +263 hp<br>- livello veterano 4: +263 hp<br>- livello veterano 5: ripara 2 hp \/ s<\/p>\n<\/div><\/div>\n\n\n\n<div class=\"wp-block-uagb-column uagb-column__wrap uagb-column__background-undefined uagb-block-ac46cff4\"><div class=\"uagb-column__overlay\"><\/div><div class=\"uagb-column__inner-wrap\"><\/div><\/div>\n<\/div><\/section>\n<\/div><\/div>\n<\/div><\/section>\n\n\n\n<section class=\"wp-block-uagb-columns uagb-columns__wrap uagb-columns__background-undefined uagb-columns__stack-mobile uagb-columns__valign-undefined uagb-columns__gap-10 alignundefined uagb-block-9adeab8d\"><div class=\"uagb-columns__overlay\"><\/div><div class=\"uagb-columns__inner-wrap uagb-columns__columns-1\">\n<div class=\"wp-block-uagb-column uagb-column__wrap uagb-column__background-undefined uagb-block-a6fd3e81\"><div class=\"uagb-column__overlay\"><\/div><div class=\"uagb-column__inner-wrap\">\n<h2 class=\"wp-block-heading\"><strong>HARBINGER <\/strong>- ASSALTO DI ASSALTO BOT<\/h2>\n\n\n\n<p>Anche se il laser dell&#039;Araldo \u00e8 considerevolmente pi\u00f9 debole dei robot d&#039;assedio UEF o Cybran, la sua capacit\u00e0 di riparazione e la sua straordinaria salute lo compensano. Gli Harbingers possono assistere gli ingegneri e fare davvero la differenza mentre proteggono la tua base avanzata; possono ripararsi a vicenda dopo che la polvere si \u00e8 depositata; possono sopravvivere ai colpi pi\u00f9 pesanti ed emergere vittoriosi contro altri robot d&#039;assedio, specialmente se li supporti con unit\u00e0 T2. Le prime forze terrestri di Aeon sono relativamente deboli, quindi cerca di averle il prima possibile.<\/p>\n\n\n\n<div class=\"wp-block-image\"><figure class=\"aligncenter size-large\"><a href=\"https:\/\/supcom.standardof.net\/it\/supreme-commander\/eone\/tech-3-eon-land-units\/harbinger-siege-assault-bot-supreme-commander-aeon-tech-2-land-units\/\"><img decoding=\"async\" width=\"800\" height=\"638\" src=\"https:\/\/supcom.standardof.net\/wp-content\/uploads\/sites\/8\/2020\/11\/HARBINGER-SIEGE-ASSAULT-BOT-Supreme-Commander-Aeon-Tech-2-Land-Units-800x638.jpg\" alt=\"Il robot d&#039;assalto Harbringer Siege, unit\u00e0 di terra Aeon Tech 3 in Supreme Commander.\" class=\"wp-image-999\" srcset=\"https:\/\/supcom.standardof.net\/wp-content\/uploads\/sites\/8\/2020\/11\/HARBINGER-SIEGE-ASSAULT-BOT-Supreme-Commander-Aeon-Tech-2-Land-Units-800x638.jpg 800w, https:\/\/supcom.standardof.net\/wp-content\/uploads\/sites\/8\/2020\/11\/HARBINGER-SIEGE-ASSAULT-BOT-Supreme-Commander-Aeon-Tech-2-Land-Units-512x409.jpg 512w, https:\/\/supcom.standardof.net\/wp-content\/uploads\/sites\/8\/2020\/11\/HARBINGER-SIEGE-ASSAULT-BOT-Supreme-Commander-Aeon-Tech-2-Land-Units-200x160.jpg 200w, https:\/\/supcom.standardof.net\/wp-content\/uploads\/sites\/8\/2020\/11\/HARBINGER-SIEGE-ASSAULT-BOT-Supreme-Commander-Aeon-Tech-2-Land-Units-768x613.jpg 768w, https:\/\/supcom.standardof.net\/wp-content\/uploads\/sites\/8\/2020\/11\/HARBINGER-SIEGE-ASSAULT-BOT-Supreme-Commander-Aeon-Tech-2-Land-Units-16x12.jpg 16w, https:\/\/supcom.standardof.net\/wp-content\/uploads\/sites\/8\/2020\/11\/HARBINGER-SIEGE-ASSAULT-BOT-Supreme-Commander-Aeon-Tech-2-Land-Units.jpg 846w\" sizes=\"(max-width: 800px) 100vw, 800px\" \/><\/a><figcaption>HARBINGER - ASSALTO DI ASSALTO BOT<\/figcaption><\/figure><\/div>\n\n\n\n<section class=\"wp-block-uagb-columns uagb-columns__wrap uagb-columns__background-undefined uagb-columns__stack-mobile uagb-columns__valign-undefined uagb-columns__gap-10 alignundefined uagb-block-1944c477\"><div class=\"uagb-columns__overlay\"><\/div><div class=\"uagb-columns__inner-wrap uagb-columns__columns-2\">\n<div class=\"wp-block-uagb-column uagb-column__wrap uagb-column__background-undefined uagb-block-58ce0757\"><div class=\"uagb-column__overlay\"><\/div><div class=\"uagb-column__inner-wrap\">\n<h3 class=\"wp-block-heading\">Statistiche Harbringer<\/h3>\n\n\n\n<p>Armatura: 5100 CV<br>Abilit\u00e0: riparazioni, reclami<br>Costo: M510, E3420, T1200<br>- velocit\u00e0 di costruzione: 3<br>Intel: vista: 25 (488 m)<br>Fisica:<br>- velocit\u00e0 massima: 2,8 (54,7 m \/ s)<br>- velocit\u00e0 di virata: 146<br>Classe di trasporto: 3<br>Durata: 30, 60, 150, 300, 600 uccisioni<br>- livello veterano 2: +1275 hp<br>- livello veterano 4: +1275 hp<br>- livello veterano 5: ripara 2 hp \/ s<\/p>\n<\/div><\/div>\n\n\n\n<div class=\"wp-block-uagb-column uagb-column__wrap uagb-column__background-undefined uagb-block-fe7bfe42\"><div class=\"uagb-column__overlay\"><\/div><div class=\"uagb-column__inner-wrap\">\n<h3 class=\"wp-block-heading\">Armi Harbringer<\/h3>\n\n\n\n<p>Laser ad alta intensit\u00e0 (fuoco diretto):<br>88,46 dps<br>portata: 25 (488 m)<br>arma a proiettile: 115 danni<br>velocit\u00e0 di fuoco: 0,77 (ogni 1,3 s)<br>livello veterano 1: +29 danni<br>livello veterano 3: +29 danni<\/p>\n<\/div><\/div>\n<\/div><\/section>\n<\/div><\/div>\n<\/div><\/section>\n\n\n\n<section class=\"wp-block-uagb-columns uagb-columns__wrap uagb-columns__background-undefined uagb-columns__stack-mobile uagb-columns__valign-undefined uagb-columns__gap-10 alignundefined uagb-block-b15a22d7\"><div class=\"uagb-columns__overlay\"><\/div><div class=\"uagb-columns__inner-wrap uagb-columns__columns-1\">\n<div class=\"wp-block-uagb-column uagb-column__wrap uagb-column__background-undefined uagb-block-6dc4ec14\"><div class=\"uagb-column__overlay\"><\/div><div class=\"uagb-column__inner-wrap\">\n<h2 class=\"wp-block-heading\"><strong>SERENIT\u00c0 <\/strong>- ARTIGLIERIA PESANTE MOBILE<\/h2>\n\n\n\n<p>L&#039;artiglieria pesante mobile Aeon \u00e8 in realt\u00e0 un&#039;unit\u00e0 utile. \u00c8 super costoso e relativamente fragile, ma pu\u00f2 sparare mentre si muove, infligge un sacco di danni a una distanza che supera la difesa del punto T2 (ma non l&#039;artiglieria T2), e il nemico non se lo aspetta davvero. Proteggili come parte di una forza d&#039;attacco pi\u00f9 grande e possono esercitare la magia che un branco di robot d&#039;assedio non potrebbe.<\/p>\n\n\n\n<div class=\"wp-block-image\"><figure class=\"aligncenter size-large\"><a href=\"https:\/\/supcom.standardof.net\/it\/supreme-commander\/eone\/tech-3-eon-land-units\/serenity-mobile-heavy-artillery-supreme-commander-aeon-tech-2-land-units\/\"><img decoding=\"async\" width=\"800\" height=\"566\" src=\"https:\/\/supcom.standardof.net\/wp-content\/uploads\/sites\/8\/2020\/11\/SERENITY-MOBILE-HEAVY-ARTILLERY-Supreme-Commander-Aeon-Tech-2-Land-Units-800x566.jpg\" alt=\"L&#039;artiglieria pesante mobile Serenity, unit\u00e0 di terra Aeon Tech 3 in Supreme Commander.\" class=\"wp-image-1000\" srcset=\"https:\/\/supcom.standardof.net\/wp-content\/uploads\/sites\/8\/2020\/11\/SERENITY-MOBILE-HEAVY-ARTILLERY-Supreme-Commander-Aeon-Tech-2-Land-Units-800x566.jpg 800w, https:\/\/supcom.standardof.net\/wp-content\/uploads\/sites\/8\/2020\/11\/SERENITY-MOBILE-HEAVY-ARTILLERY-Supreme-Commander-Aeon-Tech-2-Land-Units-512x362.jpg 512w, https:\/\/supcom.standardof.net\/wp-content\/uploads\/sites\/8\/2020\/11\/SERENITY-MOBILE-HEAVY-ARTILLERY-Supreme-Commander-Aeon-Tech-2-Land-Units-200x141.jpg 200w, https:\/\/supcom.standardof.net\/wp-content\/uploads\/sites\/8\/2020\/11\/SERENITY-MOBILE-HEAVY-ARTILLERY-Supreme-Commander-Aeon-Tech-2-Land-Units-768x543.jpg 768w, https:\/\/supcom.standardof.net\/wp-content\/uploads\/sites\/8\/2020\/11\/SERENITY-MOBILE-HEAVY-ARTILLERY-Supreme-Commander-Aeon-Tech-2-Land-Units-16x12.jpg 16w, https:\/\/supcom.standardof.net\/wp-content\/uploads\/sites\/8\/2020\/11\/SERENITY-MOBILE-HEAVY-ARTILLERY-Supreme-Commander-Aeon-Tech-2-Land-Units.jpg 891w\" sizes=\"(max-width: 800px) 100vw, 800px\" \/><\/a><figcaption>SERENIT\u00c0 - ARTIGLIERIA PESANTE MOBILE<\/figcaption><\/figure><\/div>\n\n\n\n<section class=\"wp-block-uagb-columns uagb-columns__wrap uagb-columns__background-undefined uagb-columns__stack-mobile uagb-columns__valign-undefined uagb-columns__gap-10 alignundefined uagb-block-321f57e3\"><div class=\"uagb-columns__overlay\"><\/div><div class=\"uagb-columns__inner-wrap uagb-columns__columns-2\">\n<div class=\"wp-block-uagb-column uagb-column__wrap uagb-column__background-undefined uagb-block-7b3a8ffc\"><div class=\"uagb-column__overlay\"><\/div><div class=\"uagb-column__inner-wrap\">\n<h3 class=\"wp-block-heading\">Statistiche Serenity<\/h3>\n\n\n\n<p>Armatura: 900 CV<br>Costo: M800, E8000, T2400<br>Intel: vista: 26 (508 m)<br>Fisica:<br>- velocit\u00e0 massima: 2,5 (48,8 m \/ s)<br>- velocit\u00e0 di virata: 20<br>Classe di trasporto: 3<br>Durata: 30, 60, 150, 300, 600 uccisioni<br>- livello veterano 2: +225 hp<br>- livello veterano 4: +225 hp<br>- livello veterano 5: ripara 2 hp \/ s<\/p>\n<\/div><\/div>\n\n\n\n<div class=\"wp-block-uagb-column uagb-column__wrap uagb-column__background-undefined uagb-block-9911a4c2\"><div class=\"uagb-column__overlay\"><\/div><div class=\"uagb-column__inner-wrap\">\n<h3 class=\"wp-block-heading\">Armi della serenit\u00e0<\/h3>\n\n\n\n<p>Sonance Artillery (Artillery):<br>140,25 dps<br>area: 2,5 (48,8 m)<br>portata: 25 (488 m) - 70 (1,37 km)<br>arma a proiettile: 2805 (15 volte 187 danni in 5 secondi) danni<br>velocit\u00e0 di fuoco: 0,05 (ogni 20 secondi)<br>livello veterano 1: +47 danni<br>livello veterano 3: +47 danni<\/p>\n<\/div><\/div>\n<\/div><\/section>\n<\/div><\/div>\n<\/div><\/section>\n\n\n\n<section class=\"wp-block-uagb-columns uagb-columns__wrap uagb-columns__background-undefined uagb-columns__stack-mobile uagb-columns__valign-undefined uagb-columns__gap-10 alignundefined uagb-block-5fcda5f2\"><div class=\"uagb-columns__overlay\"><\/div><div class=\"uagb-columns__inner-wrap uagb-columns__columns-1\">\n<div class=\"wp-block-uagb-column uagb-column__wrap uagb-column__background-undefined uagb-block-61e2e43f\"><div class=\"uagb-column__overlay\"><\/div><div class=\"uagb-column__inner-wrap\">\n<h2 class=\"wp-block-heading\"><strong>ASSOLUTO <\/strong>- DISTRUTTORE SCUDO TECH 3<\/h2>\n\n\n\n<p>L&#039;Assolver \u00e8 un&#039;unit\u00e0 speciale aggiunta in una delle ultime patch di Supreme Commander. <em>I dettagli non esistono per questa unit\u00e0 nella guida originale, ma torneremo presto a completarli.<\/em><\/p>\n\n\n\n<div class=\"wp-block-image\"><figure class=\"aligncenter size-large\"><img decoding=\"async\" width=\"800\" height=\"576\" src=\"https:\/\/supcom.standardof.net\/wp-content\/uploads\/sites\/8\/2020\/11\/ABSOLVER-TECH-3-SHIELD-DISRUPTOR-Supreme-Commander-Aeon-Tech-2-Land-Units-800x576.jpg\" alt=\"L&#039;Absolver T3 Shield Disruptor, Aeon Tech 3 Land Unit in Supreme Commander.\" class=\"wp-image-997\" srcset=\"https:\/\/supcom.standardof.net\/wp-content\/uploads\/sites\/8\/2020\/11\/ABSOLVER-TECH-3-SHIELD-DISRUPTOR-Supreme-Commander-Aeon-Tech-2-Land-Units-800x576.jpg 800w, https:\/\/supcom.standardof.net\/wp-content\/uploads\/sites\/8\/2020\/11\/ABSOLVER-TECH-3-SHIELD-DISRUPTOR-Supreme-Commander-Aeon-Tech-2-Land-Units-512x368.jpg 512w, https:\/\/supcom.standardof.net\/wp-content\/uploads\/sites\/8\/2020\/11\/ABSOLVER-TECH-3-SHIELD-DISRUPTOR-Supreme-Commander-Aeon-Tech-2-Land-Units-200x144.jpg 200w, https:\/\/supcom.standardof.net\/wp-content\/uploads\/sites\/8\/2020\/11\/ABSOLVER-TECH-3-SHIELD-DISRUPTOR-Supreme-Commander-Aeon-Tech-2-Land-Units-768x553.jpg 768w, https:\/\/supcom.standardof.net\/wp-content\/uploads\/sites\/8\/2020\/11\/ABSOLVER-TECH-3-SHIELD-DISRUPTOR-Supreme-Commander-Aeon-Tech-2-Land-Units-16x12.jpg 16w, https:\/\/supcom.standardof.net\/wp-content\/uploads\/sites\/8\/2020\/11\/ABSOLVER-TECH-3-SHIELD-DISRUPTOR-Supreme-Commander-Aeon-Tech-2-Land-Units.jpg 813w\" sizes=\"(max-width: 800px) 100vw, 800px\" \/><figcaption>ABSOLVER - DISTRUTTORE SCUDO TECH 3<\/figcaption><\/figure><\/div>\n\n\n\n<section class=\"wp-block-uagb-columns uagb-columns__wrap uagb-columns__background-undefined uagb-columns__stack-mobile uagb-columns__valign-undefined uagb-columns__gap-10 alignundefined uagb-block-ad755a5f\"><div class=\"uagb-columns__overlay\"><\/div><div class=\"uagb-columns__inner-wrap uagb-columns__columns-2\">\n<div class=\"wp-block-uagb-column uagb-column__wrap uagb-column__background-undefined uagb-block-e6f25018\"><div class=\"uagb-column__overlay\"><\/div><div class=\"uagb-column__inner-wrap\">\n<h3 class=\"wp-block-heading\">Statistiche Absolver<\/h3>\n\n\n\n<p><em>Dettagli in arrivo.<\/em><\/p>\n<\/div><\/div>\n\n\n\n<div class=\"wp-block-uagb-column uagb-column__wrap uagb-column__background-undefined uagb-block-8a3068bd\"><div class=\"uagb-column__overlay\"><\/div><div class=\"uagb-column__inner-wrap\">\n<h3 class=\"wp-block-heading\">Armi assolute<\/h3>\n\n\n\n<p><em>Dettagli in arrivo.<\/em><\/p>\n<\/div><\/div>\n<\/div><\/section>\n<\/div><\/div>\n<\/div><\/section>","protected":false},"excerpt":{"rendered":"<p>ENGINEER &#8211; TECH 3 CONSTRUCTOR The T3 Engineer shows up much more frequently than the other engineers; one should always be the first thing out of your factory. They can jumpstart your economy, assist factories at a useful rate, and get you into the endgame. It&#8217;s never bad to have too many engineers. Plus, if [&hellip;]<\/p>","protected":false},"author":1,"featured_media":0,"parent":503,"menu_order":0,"comment_status":"open","ping_status":"closed","template":"","meta":{"_uag_custom_page_level_css":"","site-sidebar-layout":"default","site-content-layout":"default","ast-site-content-layout":"","site-content-style":"default","site-sidebar-style":"default","ast-global-header-display":"","ast-banner-title-visibility":"","ast-main-header-display":"","ast-hfb-above-header-display":"","ast-hfb-below-header-display":"","ast-hfb-mobile-header-display":"","site-post-title":"","ast-breadcrumbs-content":"","ast-featured-img":"","footer-sml-layout":"","theme-transparent-header-meta":"default","adv-header-id-meta":"","stick-header-meta":"","header-above-stick-meta":"","header-main-stick-meta":"","header-below-stick-meta":"","astra-migrate-meta-layouts":"default","ast-page-background-enabled":"default","ast-page-background-meta":{"desktop":{"background-color":"","background-image":"","background-repeat":"repeat","background-position":"center center","background-size":"auto","background-attachment":"scroll","background-type":"","background-media":"","overlay-type":"","overlay-color":"","overlay-gradient":""},"tablet":{"background-color":"","background-image":"","background-repeat":"repeat","background-position":"center center","background-size":"auto","background-attachment":"scroll","background-type":"","background-media":"","overlay-type":"","overlay-color":"","overlay-gradient":""},"mobile":{"background-color":"","background-image":"","background-repeat":"repeat","background-position":"center center","background-size":"auto","background-attachment":"scroll","background-type":"","background-media":"","overlay-type":"","overlay-color":"","overlay-gradient":""}},"ast-content-background-meta":{"desktop":{"background-color":"var(--ast-global-color-5)","background-image":"","background-repeat":"repeat","background-position":"center center","background-size":"auto","background-attachment":"scroll","background-type":"","background-media":"","overlay-type":"","overlay-color":"","overlay-gradient":""},"tablet":{"background-color":"var(--ast-global-color-5)","background-image":"","background-repeat":"repeat","background-position":"center center","background-size":"auto","background-attachment":"scroll","background-type":"","background-media":"","overlay-type":"","overlay-color":"","overlay-gradient":""},"mobile":{"background-color":"var(--ast-global-color-5)","background-image":"","background-repeat":"repeat","background-position":"center center","background-size":"auto","background-attachment":"scroll","background-type":"","background-media":"","overlay-type":"","overlay-color":"","overlay-gradient":""}},"footnotes":""},"uagb_featured_image_src":{"full":false,"thumbnail":false,"medium":false,"medium_large":false,"large":false,"1536x1536":false,"2048x2048":false,"trp-custom-language-flag":false},"uagb_author_info":{"display_name":"SOE","author_link":"https:\/\/supcom.standardof.net\/it\/author\/k-tastic\/"},"uagb_comment_info":0,"uagb_excerpt":"ENGINEER &#8211; TECH 3 CONSTRUCTOR The T3 Engineer shows up much more frequently than the other engineers; one should always be the first thing out of your factory. They can jumpstart your economy, assist factories at a useful rate, and get you into the endgame. It&#8217;s never bad to have too many engineers. Plus, if&hellip;","_links":{"self":[{"href":"https:\/\/supcom.standardof.net\/it\/wp-json\/wp\/v2\/pages\/790"}],"collection":[{"href":"https:\/\/supcom.standardof.net\/it\/wp-json\/wp\/v2\/pages"}],"about":[{"href":"https:\/\/supcom.standardof.net\/it\/wp-json\/wp\/v2\/types\/page"}],"author":[{"embeddable":true,"href":"https:\/\/supcom.standardof.net\/it\/wp-json\/wp\/v2\/users\/1"}],"replies":[{"embeddable":true,"href":"https:\/\/supcom.standardof.net\/it\/wp-json\/wp\/v2\/comments?post=790"}],"version-history":[{"count":0,"href":"https:\/\/supcom.standardof.net\/it\/wp-json\/wp\/v2\/pages\/790\/revisions"}],"up":[{"embeddable":true,"href":"https:\/\/supcom.standardof.net\/it\/wp-json\/wp\/v2\/pages\/503"}],"wp:attachment":[{"href":"https:\/\/supcom.standardof.net\/it\/wp-json\/wp\/v2\/media?parent=790"}],"curies":[{"name":"wp","href":"https:\/\/api.w.org\/{rel}","templated":true}]}}